{"id":16,"date":"2016-03-06T11:30:05","date_gmt":"2016-03-06T11:30:05","guid":{"rendered":"http:\/\/www.lamina.com.es\/?page_id=16"},"modified":"2024-10-01T16:05:56","modified_gmt":"2024-10-01T16:05:56","slug":"precios","status":"publish","type":"page","link":"https:\/\/www.lamina.com.es\/index.php\/precios\/","title":{"rendered":"PRECIOS"},"content":{"rendered":"<p><strong><span style=\"color: #ff0000;\">CU\u00c1NTO<\/span><\/strong><\/p>\n<p>-No tienes que pagar matricula.<br \/>\n&#8211; No adquieres ning\u00fan compromiso de permanencia.<br \/>\n&#8211; Puedes recuperar clases perdidas siempre que est\u00e9n dentro del propio mes pagado.<br \/>\n&#8211; Nuestras tarifas mensuales son:<\/p>\n<p>2 HORAS&nbsp;&nbsp; 1 D\u00cdA a la semana.&nbsp;&nbsp;&nbsp;&nbsp; 80<br \/>\n3 HORAS&nbsp;&nbsp; 1 D\u00cdA a la semana.&nbsp;&nbsp;&nbsp; 100<br \/>\n2 HORAS&nbsp;&nbsp; 2 D\u00cdAS a la semana.&nbsp; 125<br \/>\n3 HORAS&nbsp;&nbsp; 2 D\u00cdAS a la semana.&nbsp; 155<br \/>\n2 HORAS&nbsp;&nbsp; 3 D\u00cdAS a la semana.&nbsp; 155<br \/>\n3 HORAS&nbsp;&nbsp; 3 D\u00cdAS a la semana.&nbsp; 170<br \/>\n2 HORAS&nbsp;&nbsp; 4 D\u00cdAS a la semana.&nbsp; 175<br \/>\n3 HORAS&nbsp;&nbsp; 4 D\u00cdAS a la semana.&nbsp; 195<br \/>\n2 HORAS&nbsp;&nbsp; 5 D\u00cdAS a la semana.&nbsp; 190<br \/>\n3 HORAS&nbsp;&nbsp; 5 D\u00cdAS a la semana.&nbsp; 215<\/p>\n<p>Consulta nuestra oferta trimestral.<\/p>\n<h3><a href=\"http:\/\/www.lamina.com.es\/index.php\/contacto\/\"><span style=\"text-decoration: underline;\"><em><span style=\"color: #ff0000; text-decoration: underline;\">Contacta<\/span><\/em><\/span><\/a><\/h3>\n<p>&nbsp;<\/p>\n<p><em><strong>&nbsp;HOW MUCH<\/strong><\/em><\/p>\n<p><em>&#8211; Do not make any commitment of permanence.<\/em><br \/>\n<em>&#8211; You can recover lost classes provided they are within the same month paid.<\/em><br \/>\n<em>&#8211; Our monthly fees are:<\/em><br \/>\n<em>2 hours 1 day a week. 80<\/em><br \/>\n<em>3 HOURS 1 DAY a week. 100<\/em><br \/>\n<em>2 hours 2 days a week. 125<\/em><br \/>\n<em>3 hours 2 days a week. 155<\/em><br \/>\n<em>2 hours 3 days a week. 155<\/em><br \/>\n<em>3 hours 3 days a week. 170<\/em><br \/>\n<em>2 hours 4 days a week. 175<\/em><br \/>\n<em>3 hours 4 days a week. 195<\/em><br \/>\n<em>2 HOURS 5 days a week. 190<\/em><br \/>\n<em>3 HOURS 5 days a week. 215<\/em><\/p>\n<p><em><strong>See quarterly payment offer.<\/strong><\/em><\/p>\n","protected":false},"excerpt":{"rendered":"<p>CU\u00c1NTO -No tienes que pagar matricula. &#8211; No adquieres ning\u00fan compromiso de permanencia. &#8211; Puedes recuperar clases perdidas siempre que est\u00e9n dentro del propio mes pagado. &#8211; Nuestras tarifas mensuales son: 2 HORAS&nbsp;&nbsp; 1 D\u00cdA a la semana.&nbsp;&nbsp;&nbsp;&nbsp; 80 3 HORAS&nbsp;&nbsp; 1 D\u00cdA a la semana.&nbsp;&nbsp;&nbsp; 100 2 HORAS&nbsp;&nbsp; 2 D\u00cdAS a la semana.&nbsp; 125 &hellip; <a href=\"https:\/\/www.lamina.com.es\/index.php\/precios\/\" class=\"more-link\">Contin\u00faa leyendo <span class=\"screen-reader-text\">PRECIOS<\/span><\/a><\/p>\n","protected":false},"author":1,"featured_media":0,"parent":0,"menu_order":0,"comment_status":"closed","ping_status":"closed","template":"","meta":{"ngg_post_thumbnail":0,"footnotes":""},"class_list":["post-16","page","type-page","status-publish","hentry"],"_links":{"self":[{"href":"https:\/\/www.lamina.com.es\/index.php\/wp-json\/wp\/v2\/pages\/16","targetHints":{"allow":["GET"]}}],"collection":[{"href":"https:\/\/www.lamina.com.es\/index.php\/wp-json\/wp\/v2\/pages"}],"about":[{"href":"https:\/\/www.lamina.com.es\/index.php\/wp-json\/wp\/v2\/types\/page"}],"author":[{"embeddable":true,"href":"https:\/\/www.lamina.com.es\/index.php\/wp-json\/wp\/v2\/users\/1"}],"replies":[{"embeddable":true,"href":"https:\/\/www.lamina.com.es\/index.php\/wp-json\/wp\/v2\/comments?post=16"}],"version-history":[{"count":14,"href":"https:\/\/www.lamina.com.es\/index.php\/wp-json\/wp\/v2\/pages\/16\/revisions"}],"predecessor-version":[{"id":1036,"href":"https:\/\/www.lamina.com.es\/index.php\/wp-json\/wp\/v2\/pages\/16\/revisions\/1036"}],"wp:attachment":[{"href":"https:\/\/www.lamina.com.es\/index.php\/wp-json\/wp\/v2\/media?parent=16"}],"curies":[{"name":"wp","href":"https:\/\/api.w.org\/{rel}","templated":true}]}}