{"id":20,"date":"2016-03-04T15:26:31","date_gmt":"2016-03-04T15:26:31","guid":{"rendered":"http:\/\/www.lamina.com.es\/?page_id=20"},"modified":"2018-03-05T15:02:00","modified_gmt":"2018-03-05T15:02:00","slug":"que-hacemos","status":"publish","type":"page","link":"https:\/\/www.lamina.com.es\/index.php\/inicio\/que-hacemos\/","title":{"rendered":"\u00bfCOMO APRENDES?"},"content":{"rendered":"<h2><span style=\"color: #ff0000;\"><strong>Nuestro objetivo es facilitarte&nbsp; el acceso a las artes pl\u00e1sticas.<\/strong><\/span><\/h2>\n<p><strong>&nbsp;-Ofreci\u00e9ndote<\/strong> las herramientas necesarias para potenciar tu&nbsp;<strong>creatividad<\/strong>&nbsp;y mejorar tu formaci\u00f3n art\u00edstica.<\/p>\n<p>&#8211;<strong>Acompa\u00f1\u00e1ndote<\/strong> en la comprensi\u00f3n gradual de la pr\u00e1ctica art\u00edstica y en el conocimiento de sus&nbsp;<strong>lenguajes, t\u00e9cnicas y materiales<\/strong>.<\/p>\n<h3><span style=\"color: #ff0000;\"><strong>Dise\u00f1ando un proceso de formaci\u00f3n a tu medida.<\/strong><\/span><\/h3>\n<p>-Para aprender <strong>paso a paso<\/strong>.<\/p>\n<p>&#8211;<strong>Adapt\u00e1ndonos<\/strong> a tus intereses y gustos con dedicaci\u00f3n y trato personalizado.<\/p>\n<p>&#8211;<strong>Adecuado a ti<\/strong>, a tus cualidades, objetivos y nivel.<\/p>\n<h3><span style=\"color: #ff0000;\"><strong>Con todas las t\u00e9cnicas para expresarte:<\/strong><\/span><\/h3>\n<p>&#8211; Dibujo:&nbsp;<strong>carb\u00f3n, grafito, pastel, cretas etc. <\/strong>Para ver las formas, encajar, valorar claroscuro etc.<\/p>\n<p>&#8211; Pintura: <strong>\u00f3leo, acr\u00edlico, acuarela, t\u00e9cnicas mixtas, collage, procedimientos pict\u00f3ricos, texturas. <\/strong>Comprendiendo y aplicando la teor\u00eda del color, mezclando para conseguir el tono, dirigiendo el pincel y descubriendo las texturas.<\/p>\n<p>&#8211; Escultura:<strong> barro o plastilina <\/strong>y <strong>materiales alternativos. <\/strong>Para&nbsp; \u201ctocar\u201d el volumen.<\/p>\n<h3><em><span style=\"text-decoration: underline; color: #ff0000;\">&#8230;Y la orientaci\u00f2n de profesores licenciados en Bellas Artes<\/span><\/em><\/h3>\n<p>&nbsp;<\/p>\n<p><em><strong>&nbsp;Our goal is to provide you access to the arts.<\/strong><\/em><br \/>\n<em>&#8211; I&#8217;ll offer measures to empower your creativity and enhance your artistic training tools.<\/em><br \/>\n<em>&#8211; I&#8217;ll accompany the gradual understanding of artistic practice and knowledge of their languages, techniques and materials.<\/em><\/p>\n<p><em><strong>We design a training process to your needs.<\/strong><\/em><\/p>\n<p><em>-Adapted to your interests and tastes with dedication and personalized service.<\/em><br \/>\n<em> -Suitable Your qualities, goals and level.<\/em><br \/>\n<em> -In a caring and stimulating environment serene perfectly conditioned to enhance concentration.<\/em><\/p>\n<p><em><strong>We teach all the techniques:<\/strong><\/em><br \/>\n<em>&#8211; Drawing: Charcoal, graphite, pastel, chalk etc.<\/em><br \/>\n<em>&#8211; Painting: oil, acrylic, watercolor, mixed media, collage, painting procedures.<\/em><br \/>\n<em>&#8211; Sculpture: Modeling clay, plasticine.<\/em><\/p>\n","protected":false},"excerpt":{"rendered":"<p>Nuestro objetivo es facilitarte&nbsp; el acceso a las artes pl\u00e1sticas. &nbsp;-Ofreci\u00e9ndote las herramientas necesarias para potenciar tu&nbsp;creatividad&nbsp;y mejorar tu formaci\u00f3n art\u00edstica. &#8211;Acompa\u00f1\u00e1ndote en la comprensi\u00f3n gradual de la pr\u00e1ctica art\u00edstica y en el conocimiento de sus&nbsp;lenguajes, t\u00e9cnicas y materiales. Dise\u00f1ando un proceso de formaci\u00f3n a tu medida. -Para aprender paso a paso. &#8211;Adapt\u00e1ndonos a tus &hellip; <a href=\"https:\/\/www.lamina.com.es\/index.php\/inicio\/que-hacemos\/\" class=\"more-link\">Contin\u00faa leyendo <span class=\"screen-reader-text\">\u00bfCOMO APRENDES?<\/span><\/a><\/p>\n","protected":false},"author":1,"featured_media":25,"parent":6,"menu_order":0,"comment_status":"closed","ping_status":"closed","template":"page-templates\/grid-page.php","meta":{"ngg_post_thumbnail":0,"footnotes":""},"class_list":["post-20","page","type-page","status-publish","has-post-thumbnail","hentry"],"_links":{"self":[{"href":"https:\/\/www.lamina.com.es\/index.php\/wp-json\/wp\/v2\/pages\/20","targetHints":{"allow":["GET"]}}],"collection":[{"href":"https:\/\/www.lamina.com.es\/index.php\/wp-json\/wp\/v2\/pages"}],"about":[{"href":"https:\/\/www.lamina.com.es\/index.php\/wp-json\/wp\/v2\/types\/page"}],"author":[{"embeddable":true,"href":"https:\/\/www.lamina.com.es\/index.php\/wp-json\/wp\/v2\/users\/1"}],"replies":[{"embeddable":true,"href":"https:\/\/www.lamina.com.es\/index.php\/wp-json\/wp\/v2\/comments?post=20"}],"version-history":[{"count":24,"href":"https:\/\/www.lamina.com.es\/index.php\/wp-json\/wp\/v2\/pages\/20\/revisions"}],"predecessor-version":[{"id":996,"href":"https:\/\/www.lamina.com.es\/index.php\/wp-json\/wp\/v2\/pages\/20\/revisions\/996"}],"up":[{"embeddable":true,"href":"https:\/\/www.lamina.com.es\/index.php\/wp-json\/wp\/v2\/pages\/6"}],"wp:featuredmedia":[{"embeddable":true,"href":"https:\/\/www.lamina.com.es\/index.php\/wp-json\/wp\/v2\/media\/25"}],"wp:attachment":[{"href":"https:\/\/www.lamina.com.es\/index.php\/wp-json\/wp\/v2\/media?parent=20"}],"curies":[{"name":"wp","href":"https:\/\/api.w.org\/{rel}","templated":true}]}}