{"id":22,"date":"2016-03-04T15:24:12","date_gmt":"2016-03-04T15:24:12","guid":{"rendered":"http:\/\/www.lamina.com.es\/?page_id=22"},"modified":"2017-04-11T11:57:37","modified_gmt":"2017-04-11T11:57:37","slug":"galeria-de-alumnos","status":"publish","type":"page","link":"https:\/\/www.lamina.com.es\/index.php\/inicio\/galeria-de-alumnos\/","title":{"rendered":"GALERIA DE ALUMNOS"},"content":{"rendered":"<p><span style=\"color: #ff0000;\">&nbsp;<strong>Se puede dibujar sin l\u00e1piz<\/strong><\/span>. Se puede pintar sin<strong> \u00f3leo<\/strong> o <strong>acr\u00edlico<\/strong>. Se puede hacer escultura sin piedra o <strong>arcilla<\/strong>. Se puede dibujar con un clavo. Se puede pintar con piment\u00f3n. Se puede hacer escultura con lana. El <strong>Arte<\/strong> lo permite todo.<\/p>\n","protected":false},"excerpt":{"rendered":"<p>&nbsp;Se puede dibujar sin l\u00e1piz. Se puede pintar sin \u00f3leo o acr\u00edlico. Se puede hacer escultura sin piedra o arcilla. Se puede dibujar con un clavo. Se puede pintar con piment\u00f3n. Se puede hacer escultura con lana. El Arte lo permite todo.<\/p>\n","protected":false},"author":1,"featured_media":23,"parent":6,"menu_order":0,"comment_status":"closed","ping_status":"closed","template":"page-templates\/grid-page.php","meta":{"ngg_post_thumbnail":0,"footnotes":""},"class_list":["post-22","page","type-page","status-publish","has-post-thumbnail","hentry"],"_links":{"self":[{"href":"https:\/\/www.lamina.com.es\/index.php\/wp-json\/wp\/v2\/pages\/22","targetHints":{"allow":["GET"]}}],"collection":[{"href":"https:\/\/www.lamina.com.es\/index.php\/wp-json\/wp\/v2\/pages"}],"about":[{"href":"https:\/\/www.lamina.com.es\/index.php\/wp-json\/wp\/v2\/types\/page"}],"author":[{"embeddable":true,"href":"https:\/\/www.lamina.com.es\/index.php\/wp-json\/wp\/v2\/users\/1"}],"replies":[{"embeddable":true,"href":"https:\/\/www.lamina.com.es\/index.php\/wp-json\/wp\/v2\/comments?post=22"}],"version-history":[{"count":4,"href":"https:\/\/www.lamina.com.es\/index.php\/wp-json\/wp\/v2\/pages\/22\/revisions"}],"predecessor-version":[{"id":699,"href":"https:\/\/www.lamina.com.es\/index.php\/wp-json\/wp\/v2\/pages\/22\/revisions\/699"}],"up":[{"embeddable":true,"href":"https:\/\/www.lamina.com.es\/index.php\/wp-json\/wp\/v2\/pages\/6"}],"wp:featuredmedia":[{"embeddable":true,"href":"https:\/\/www.lamina.com.es\/index.php\/wp-json\/wp\/v2\/media\/23"}],"wp:attachment":[{"href":"https:\/\/www.lamina.com.es\/index.php\/wp-json\/wp\/v2\/media?parent=22"}],"curies":[{"name":"wp","href":"https:\/\/api.w.org\/{rel}","templated":true}]}}