{"id":36,"date":"2016-03-04T15:50:55","date_gmt":"2016-03-04T15:50:55","guid":{"rendered":"http:\/\/www.lamina.com.es\/?page_id=36"},"modified":"2016-03-07T16:57:41","modified_gmt":"2016-03-07T16:57:41","slug":"maria-luisa-alabau","status":"publish","type":"page","link":"https:\/\/www.lamina.com.es\/index.php\/inicio\/galeria-de-alumnos\/maria-luisa-alabau\/","title":{"rendered":"Maria Luisa Alabau"},"content":{"rendered":"<p><strong><span style=\"color: #ff0000;\">Composiciones de la intimidad.<\/span><\/strong><\/p>\n<p>Parte de la t\u00e9cnica ,su formaci\u00f3n es cl\u00e1sica, es minuciosa con los trabajos. Sus collages con intervenci\u00f3n son ejercicios de combinaci\u00f3n precisa y de gran gusto donde diferentes espacios, arquitecturas y situaciones, generan otra realidad llena de misterio y poesia.<\/p>\n<p>\n<div class=\"ngg-galleryoverview ngg-slideshow\"\n\tid=\"ngg-slideshow-e502e8e19bcfc7ed98166b3d421f150c-17931427760\"\n\tdata-gallery-id=\"e502e8e19bcfc7ed98166b3d421f150c\"\n\tstyle=\"max-width: 600px;\n\t\t\tmax-height: 400px;\n\t\t\tdisplay: none;\">\n\n\t\n\t\t<a href=\"https:\/\/www.lamina.com.es\/wp-content\/gallery\/maria-luisa-alabau\/luisa_1_print.jpg\"\n\t\t\ttitle=\"\"\n\t\t\tdata-src=\"https:\/\/www.lamina.com.es\/wp-content\/gallery\/maria-luisa-alabau\/luisa_1_print.jpg\"\n\t\t\tdata-thumbnail=\"https:\/\/www.lamina.com.es\/wp-content\/gallery\/maria-luisa-alabau\/thumbs\/thumbs_luisa_1_print.jpg\"\n\t\t\tdata-image-id=\"1\"\n\t\t\tdata-title=\"luisa_1_print\"\n\t\t\tdata-description=\"\"\n\t\t\tclass=\"ngg-fancybox\" rel=\"e502e8e19bcfc7ed98166b3d421f150c\">\n\n\t\t\t<img data-image-id='1'\n\t\t\t\ttitle=\"\"\n\t\t\t\talt=\"luisa_1_print\"\n\t\t\t\tsrc=\"https:\/\/www.lamina.com.es\/wp-content\/gallery\/maria-luisa-alabau\/luisa_1_print.jpg\"\n\t\t\t\tstyle=\"max-height: 380px;\"\/>\n\t\t<\/a>\n\n\t\t\n\t\t<a href=\"https:\/\/www.lamina.com.es\/wp-content\/gallery\/maria-luisa-alabau\/luisa_3_print.jpg\"\n\t\t\ttitle=\"\"\n\t\t\tdata-src=\"https:\/\/www.lamina.com.es\/wp-content\/gallery\/maria-luisa-alabau\/luisa_3_print.jpg\"\n\t\t\tdata-thumbnail=\"https:\/\/www.lamina.com.es\/wp-content\/gallery\/maria-luisa-alabau\/thumbs\/thumbs_luisa_3_print.jpg\"\n\t\t\tdata-image-id=\"2\"\n\t\t\tdata-title=\"luisa_3_print\"\n\t\t\tdata-description=\"\"\n\t\t\tclass=\"ngg-fancybox\" rel=\"e502e8e19bcfc7ed98166b3d421f150c\">\n\n\t\t\t<img data-image-id='2'\n\t\t\t\ttitle=\"\"\n\t\t\t\talt=\"luisa_3_print\"\n\t\t\t\tsrc=\"https:\/\/www.lamina.com.es\/wp-content\/gallery\/maria-luisa-alabau\/luisa_3_print.jpg\"\n\t\t\t\tstyle=\"max-height: 380px;\"\/>\n\t\t<\/a>\n\n\t\t\n\t\t<a href=\"https:\/\/www.lamina.com.es\/wp-content\/gallery\/maria-luisa-alabau\/luisa_4_print.jpg\"\n\t\t\ttitle=\"\"\n\t\t\tdata-src=\"https:\/\/www.lamina.com.es\/wp-content\/gallery\/maria-luisa-alabau\/luisa_4_print.jpg\"\n\t\t\tdata-thumbnail=\"https:\/\/www.lamina.com.es\/wp-content\/gallery\/maria-luisa-alabau\/thumbs\/thumbs_luisa_4_print.jpg\"\n\t\t\tdata-image-id=\"3\"\n\t\t\tdata-title=\"luisa_4_print\"\n\t\t\tdata-description=\"\"\n\t\t\tclass=\"ngg-fancybox\" rel=\"e502e8e19bcfc7ed98166b3d421f150c\">\n\n\t\t\t<img data-image-id='3'\n\t\t\t\ttitle=\"\"\n\t\t\t\talt=\"luisa_4_print\"\n\t\t\t\tsrc=\"https:\/\/www.lamina.com.es\/wp-content\/gallery\/maria-luisa-alabau\/luisa_4_print.jpg\"\n\t\t\t\tstyle=\"max-height: 380px;\"\/>\n\t\t<\/a>\n\n\t\t\n\t\t<a href=\"https:\/\/www.lamina.com.es\/wp-content\/gallery\/maria-luisa-alabau\/luisa_5_print.jpg\"\n\t\t\ttitle=\"\"\n\t\t\tdata-src=\"https:\/\/www.lamina.com.es\/wp-content\/gallery\/maria-luisa-alabau\/luisa_5_print.jpg\"\n\t\t\tdata-thumbnail=\"https:\/\/www.lamina.com.es\/wp-content\/gallery\/maria-luisa-alabau\/thumbs\/thumbs_luisa_5_print.jpg\"\n\t\t\tdata-image-id=\"4\"\n\t\t\tdata-title=\"luisa_5_print\"\n\t\t\tdata-description=\"\"\n\t\t\tclass=\"ngg-fancybox\" rel=\"e502e8e19bcfc7ed98166b3d421f150c\">\n\n\t\t\t<img data-image-id='4'\n\t\t\t\ttitle=\"\"\n\t\t\t\talt=\"luisa_5_print\"\n\t\t\t\tsrc=\"https:\/\/www.lamina.com.es\/wp-content\/gallery\/maria-luisa-alabau\/luisa_5_print.jpg\"\n\t\t\t\tstyle=\"max-height: 380px;\"\/>\n\t\t<\/a>\n\n\t\t\n\t\t<a href=\"https:\/\/www.lamina.com.es\/wp-content\/gallery\/maria-luisa-alabau\/luisa_6_print.jpg\"\n\t\t\ttitle=\"\"\n\t\t\tdata-src=\"https:\/\/www.lamina.com.es\/wp-content\/gallery\/maria-luisa-alabau\/luisa_6_print.jpg\"\n\t\t\tdata-thumbnail=\"https:\/\/www.lamina.com.es\/wp-content\/gallery\/maria-luisa-alabau\/thumbs\/thumbs_luisa_6_print.jpg\"\n\t\t\tdata-image-id=\"5\"\n\t\t\tdata-title=\"luisa_6_print\"\n\t\t\tdata-description=\"\"\n\t\t\tclass=\"ngg-fancybox\" rel=\"e502e8e19bcfc7ed98166b3d421f150c\">\n\n\t\t\t<img data-image-id='5'\n\t\t\t\ttitle=\"\"\n\t\t\t\talt=\"luisa_6_print\"\n\t\t\t\tsrc=\"https:\/\/www.lamina.com.es\/wp-content\/gallery\/maria-luisa-alabau\/luisa_6_print.jpg\"\n\t\t\t\tstyle=\"max-height: 380px;\"\/>\n\t\t<\/a>\n\n\t\t\n\t\t<a href=\"https:\/\/www.lamina.com.es\/wp-content\/gallery\/maria-luisa-alabau\/luisa_7_print.jpg\"\n\t\t\ttitle=\"\"\n\t\t\tdata-src=\"https:\/\/www.lamina.com.es\/wp-content\/gallery\/maria-luisa-alabau\/luisa_7_print.jpg\"\n\t\t\tdata-thumbnail=\"https:\/\/www.lamina.com.es\/wp-content\/gallery\/maria-luisa-alabau\/thumbs\/thumbs_luisa_7_print.jpg\"\n\t\t\tdata-image-id=\"6\"\n\t\t\tdata-title=\"luisa_7_print\"\n\t\t\tdata-description=\"\"\n\t\t\tclass=\"ngg-fancybox\" rel=\"e502e8e19bcfc7ed98166b3d421f150c\">\n\n\t\t\t<img data-image-id='6'\n\t\t\t\ttitle=\"\"\n\t\t\t\talt=\"luisa_7_print\"\n\t\t\t\tsrc=\"https:\/\/www.lamina.com.es\/wp-content\/gallery\/maria-luisa-alabau\/luisa_7_print.jpg\"\n\t\t\t\tstyle=\"max-height: 380px;\"\/>\n\t\t<\/a>\n\n\t\t\n\t\t<a href=\"https:\/\/www.lamina.com.es\/wp-content\/gallery\/maria-luisa-alabau\/luisa_8_print.jpg\"\n\t\t\ttitle=\"\"\n\t\t\tdata-src=\"https:\/\/www.lamina.com.es\/wp-content\/gallery\/maria-luisa-alabau\/luisa_8_print.jpg\"\n\t\t\tdata-thumbnail=\"https:\/\/www.lamina.com.es\/wp-content\/gallery\/maria-luisa-alabau\/thumbs\/thumbs_luisa_8_print.jpg\"\n\t\t\tdata-image-id=\"7\"\n\t\t\tdata-title=\"luisa_8_print\"\n\t\t\tdata-description=\"\"\n\t\t\tclass=\"ngg-fancybox\" rel=\"e502e8e19bcfc7ed98166b3d421f150c\">\n\n\t\t\t<img data-image-id='7'\n\t\t\t\ttitle=\"\"\n\t\t\t\talt=\"luisa_8_print\"\n\t\t\t\tsrc=\"https:\/\/www.lamina.com.es\/wp-content\/gallery\/maria-luisa-alabau\/luisa_8_print.jpg\"\n\t\t\t\tstyle=\"max-height: 380px;\"\/>\n\t\t<\/a>\n\n\t\t\n\t\t<a href=\"https:\/\/www.lamina.com.es\/wp-content\/gallery\/maria-luisa-alabau\/luisa_9_print.jpg\"\n\t\t\ttitle=\"\"\n\t\t\tdata-src=\"https:\/\/www.lamina.com.es\/wp-content\/gallery\/maria-luisa-alabau\/luisa_9_print.jpg\"\n\t\t\tdata-thumbnail=\"https:\/\/www.lamina.com.es\/wp-content\/gallery\/maria-luisa-alabau\/thumbs\/thumbs_luisa_9_print.jpg\"\n\t\t\tdata-image-id=\"8\"\n\t\t\tdata-title=\"luisa_9_print\"\n\t\t\tdata-description=\"\"\n\t\t\tclass=\"ngg-fancybox\" rel=\"e502e8e19bcfc7ed98166b3d421f150c\">\n\n\t\t\t<img data-image-id='8'\n\t\t\t\ttitle=\"\"\n\t\t\t\talt=\"luisa_9_print\"\n\t\t\t\tsrc=\"https:\/\/www.lamina.com.es\/wp-content\/gallery\/maria-luisa-alabau\/luisa_9_print.jpg\"\n\t\t\t\tstyle=\"max-height: 380px;\"\/>\n\t\t<\/a>\n\n\t\t<\/div>\n\n\n<\/p>\n","protected":false},"excerpt":{"rendered":"<p>Composiciones de la intimidad. Parte de la t\u00e9cnica ,su formaci\u00f3n es cl\u00e1sica, es minuciosa con los trabajos. Sus collages con intervenci\u00f3n son ejercicios de combinaci\u00f3n precisa y de gran gusto donde diferentes espacios, arquitecturas y situaciones, generan otra realidad llena de misterio y poesia.<\/p>\n","protected":false},"author":1,"featured_media":37,"parent":22,"menu_order":0,"comment_status":"closed","ping_status":"closed","template":"page-templates\/grid-page.php","meta":{"ngg_post_thumbnail":0,"footnotes":""},"class_list":["post-36","page","type-page","status-publish","has-post-thumbnail","hentry"],"_links":{"self":[{"href":"https:\/\/www.lamina.com.es\/index.php\/wp-json\/wp\/v2\/pages\/36","targetHints":{"allow":["GET"]}}],"collection":[{"href":"https:\/\/www.lamina.com.es\/index.php\/wp-json\/wp\/v2\/pages"}],"about":[{"href":"https:\/\/www.lamina.com.es\/index.php\/wp-json\/wp\/v2\/types\/page"}],"author":[{"embeddable":true,"href":"https:\/\/www.lamina.com.es\/index.php\/wp-json\/wp\/v2\/users\/1"}],"replies":[{"embeddable":true,"href":"https:\/\/www.lamina.com.es\/index.php\/wp-json\/wp\/v2\/comments?post=36"}],"version-history":[{"count":8,"href":"https:\/\/www.lamina.com.es\/index.php\/wp-json\/wp\/v2\/pages\/36\/revisions"}],"predecessor-version":[{"id":47,"href":"https:\/\/www.lamina.com.es\/index.php\/wp-json\/wp\/v2\/pages\/36\/revisions\/47"}],"up":[{"embeddable":true,"href":"https:\/\/www.lamina.com.es\/index.php\/wp-json\/wp\/v2\/pages\/22"}],"wp:featuredmedia":[{"embeddable":true,"href":"https:\/\/www.lamina.com.es\/index.php\/wp-json\/wp\/v2\/media\/37"}],"wp:attachment":[{"href":"https:\/\/www.lamina.com.es\/index.php\/wp-json\/wp\/v2\/media?parent=36"}],"curies":[{"name":"wp","href":"https:\/\/api.w.org\/{rel}","templated":true}]}}